{"id":13,"date":"2018-12-11T12:17:10","date_gmt":"2018-12-11T12:17:10","guid":{"rendered":"http:\/\/shop.ferndal.de\/?page_id=13"},"modified":"2018-12-12T12:43:29","modified_gmt":"2018-12-12T12:43:29","slug":"widerrufsbelehrung","status":"publish","type":"page","link":"https:\/\/shop.ferndal.de\/?page_id=13","title":{"rendered":"Widerrufsbelehrung"},"content":{"rendered":"\n<p><\/p>\n\n\n\n<p>Sie haben\ndas Recht, binnen vierzehn Tagen ohne Angabe von Gr\u00fcnden diesen Vertrag zu\nwiderrufen.<\/p>\n\n\n\n<p>Die Widerrufsfrist betr\u00e4gt vierzehn Tage ab dem Tag an dem Sie oder ein von Ihnen benannter Dritter, der nicht der Bef\u00f6rderer ist, die Waren in Besitz genommen haben bzw. hat. Im Falle\neines Vertrags \u00fcber mehrere Waren, die im Rahmen einer einheitlichen Bestellung\ngetrennt geliefert werden, beginnt die Frist an dem Sie oder ein von Ihnen benannter\nDritter, der nicht der Bef\u00f6rderer ist, die letzte Ware in Besitz genommen haben\nbzw. hat.<\/p>\n\n\n\n<p>Um Ihr Widerrufsrecht auszu\u00fcben, m\u00fcssen Sie uns (FERNDAL, Raiffeisenstr. 16, 48161M\u00fcnster; Email: shop@ferndal.de) mittels einer eindeutigen Erkl\u00e4rung (z. B. einmit der Post versandter Brief, Telefax oder E-Mail) \u00fcber Ihren Entschluss,diesen Vertrag zu widerrufen, informieren. Sie k\u00f6nnen daf\u00fcr das beigef\u00fcgteMuster-Widerrufsformular verwenden, das jedoch nicht vorgeschrieben ist.<\/p>\n\n\n\n<p>Zur Wahrung\nder Widerrufsfrist reicht es aus, dass Sie die Mitteilung \u00fcber die Aus\u00fcbung des\nWiderrufsrechts vor Ablauf der Widerrufsfrist absenden.<\/p>\n\n\n\n<p><strong>Folgen des Widerrufs<\/strong><\/p>\n\n\n\n<p>Wenn Sie\ndiesen Vertrag widerrufen, haben wir Ihnen alle Zahlungen, die wir von Ihnen\nerhalten haben, einschlie\u00dflich der Lieferkosten (mit Ausnahme der zus\u00e4tzlichen\nKosten, die sich daraus ergeben, dass Sie eine andere Art der Lieferung als die\nvon uns angebotene, g\u00fcnstigste Standardlieferung gew\u00e4hlt haben), unverz\u00fcglich\nund sp\u00e4testens binnen vierzehn Tagen ab dem Tag zur\u00fcckzuzahlen, an dem die Mitteilung\n\u00fcber Ihren Widerruf dieses Vertrags bei uns eingegangen ist. F\u00fcr diese\nR\u00fcckzahlung &nbsp;verwenden wir dasselbe\nZahlungsmittel, das Sie bei der urspr\u00fcnglichen Transaktion eingesetzt haben, es\nsei denn, mit Ihnen wurde ausdr\u00fccklich etwas anderes vereinbart; in keinem Fall\nwerden Ihnen wegen dieser R\u00fcckzahlung Entgelte berechnet.<\/p>\n\n\n\n<p>\u201eWir k\u00f6nnen\ndie R\u00fcckzahlung verweigern, bis wir die Waren wieder zur\u00fcckerhalten\nhaben oder bis Sie den Nachweis erbracht haben, dass Sie die Waren zur\u00fcckgesandt\nhaben, je nachdem, welches der fr\u00fchere Zeitpunkt ist.<\/p>\n\n\n\n<p>Sie tragen die unmittelbaren Kosten der R\u00fccksendung der Waren.<\/p>\n\n\n\n<p><strong>Muster-Widerrufsformular<\/strong><\/p>\n\n\n\n<p>(Wenn Sie\nden Vertrag widerrufen wollen, dann f\u00fcllen Sie bitte dieses Formular aus und\nsenden Sie es zur\u00fcck.)<\/p>\n\n\n\n<ul class=\"wp-block-list\"><li>An &nbsp;&nbsp; FERNDAL<\/li><\/ul>\n\n\n\n<p>Raiffeisenstr. 16<br>\n48161 M\u00fcnster<br>\n<br>\nshop@ferndal.de <\/p>\n\n\n\n<ul class=\"wp-block-list\"><li>Hiermit\nwiderrufe(n) ich\/wir (*) den von mir\/uns (*) abgeschlossenen Vertrag \u00fcber den\nKauf der <\/li><li>folgendenWaren (*)\/die Erbringung der folgenden Dienstleistung (*) <\/li><\/ul>\n\n\n\n<ul class=\"wp-block-list\"><li>Bestellt am\n(*)\/erhalten am (*) <\/li><\/ul>\n\n\n\n<ul class=\"wp-block-list\"><li>Name des\/der\nVerbraucher(s) <\/li><\/ul>\n\n\n\n<ul class=\"wp-block-list\"><li>Anschrift\ndes\/der Verbraucher(s) <\/li><\/ul>\n\n\n\n<ul class=\"wp-block-list\"><li>Unterschrift\ndes\/der Verbraucher(s) (nur bei Mitteilung auf Papier) <\/li><\/ul>\n\n\n\n<ul class=\"wp-block-list\"><li>Datum <\/li><\/ul>\n\n\n\n<p>(*) unzutreffendes Streichen<\/p>\n","protected":false},"excerpt":{"rendered":"<p>Sie haben das Recht, binnen vierzehn Tagen ohne Angabe von Gr\u00fcnden diesen Vertrag zu widerrufen. Die Widerrufsfrist betr\u00e4gt vierzehn Tage ab dem Tag an dem Sie oder ein von Ihnen benannter Dritter, der nicht der Bef\u00f6rderer ist, die Waren in Besitz genommen haben bzw. hat. Im Falle eines Vertrags \u00fcber mehrere Waren, die im Rahmen [&hellip;]<\/p>\n","protected":false},"author":1,"featured_media":0,"parent":0,"menu_order":0,"comment_status":"closed","ping_status":"closed","template":"","meta":{"jetpack_post_was_ever_published":false,"footnotes":""},"class_list":["post-13","page","type-page","status-publish","hentry"],"jetpack_sharing_enabled":true,"jetpack_shortlink":"https:\/\/wp.me\/PawHuT-d","_links":{"self":[{"href":"https:\/\/shop.ferndal.de\/index.php?rest_route=\/wp\/v2\/pages\/13","targetHints":{"allow":["GET"]}}],"collection":[{"href":"https:\/\/shop.ferndal.de\/index.php?rest_route=\/wp\/v2\/pages"}],"about":[{"href":"https:\/\/shop.ferndal.de\/index.php?rest_route=\/wp\/v2\/types\/page"}],"author":[{"embeddable":true,"href":"https:\/\/shop.ferndal.de\/index.php?rest_route=\/wp\/v2\/users\/1"}],"replies":[{"embeddable":true,"href":"https:\/\/shop.ferndal.de\/index.php?rest_route=%2Fwp%2Fv2%2Fcomments&post=13"}],"version-history":[{"count":3,"href":"https:\/\/shop.ferndal.de\/index.php?rest_route=\/wp\/v2\/pages\/13\/revisions"}],"predecessor-version":[{"id":249,"href":"https:\/\/shop.ferndal.de\/index.php?rest_route=\/wp\/v2\/pages\/13\/revisions\/249"}],"wp:attachment":[{"href":"https:\/\/shop.ferndal.de\/index.php?rest_route=%2Fwp%2Fv2%2Fmedia&parent=13"}],"curies":[{"name":"wp","href":"https:\/\/api.w.org\/{rel}","templated":true}]}}