{"id":12,"date":"2018-12-11T12:17:10","date_gmt":"2018-12-11T12:17:10","guid":{"rendered":"http:\/\/shop.ferndal.de\/?page_id=12"},"modified":"2020-06-14T15:29:53","modified_gmt":"2020-06-14T15:29:53","slug":"agb","status":"publish","type":"page","link":"https:\/\/shop.ferndal.de\/?page_id=12","title":{"rendered":"AGB"},"content":{"rendered":"<div class=\"woocommerce woocommerce-gzd woocommerce-gzd-complaints-shortcode\">\n\t\t\t<h3>Alternative Streitbeilegung gem\u00e4\u00df Art. 14 Abs. 1 ODR-VO und \u00a7 36 VSBG:<\/h3>\n\t\nZur Teilnahme an einem Streitbeilegungsverfahren vor einer Verbraucherschlichtungsstelle sind wir nicht verpflichtet und nicht bereit.<\/div>\n\n\n<p class=\"has-text-color has-large-font-size has-pale-cyan-blue-color\">Allgemeine Gesch\u00e4ftsbedingungen<br><\/p>\n\n\n\n<p>\u00a7 1Geltungsbereich und Anbieter<\/p>\n\n\n\n<p>(1)<\/p>\n\n\n\n<p>Diese\nAllgemeinen Gesch\u00e4ftsbedingungen gelten f\u00fcr alle Bestellungen, die Sie bei dem\nOnline-Shop der Band Ferndal, Raiffeisenstr. 16, 48161 M\u00fcnster t\u00e4tigen.<\/p>\n\n\n\n<p>(2)<\/p>\n\n\n\n<p>Das\nWarenangebot in unserem Online-Shop richtet sich ausschlie\u00dflich an K\u00e4ufer, die\ndas 18. Lebensjahr vollendet haben. <\/p>\n\n\n\n<p>(3)<\/p>\n\n\n\n<p>Unsere Lieferungen, Leistungen und Angebote erfolgen ausschlie\u00dflich auf der Grundlage dieser Allgemeinen Gesch\u00e4ftsbedingungen. Die Allgemeinen Gesch\u00e4ftsbedingungen gelten gegen\u00fcber Unternehmen somit auch f\u00fcr alle k\u00fcnftigen Gesch\u00e4ftsbeziehungen, auch wenn sie nicht nochmals ausdr\u00fccklich vereinbart werden. Der Einbeziehung von Allgemeinen Gesch\u00e4ftsbedingungen eines Kunden, die unseren Allgemeinen Gesch\u00e4ftsbedingungen widersprechen, wird schon jetzt widersprochen. <\/p>\n\n\n\n<p>(4)<\/p>\n\n\n\n<p>Vertragssprache\nist ausschlie\u00dflich deutsch. <\/p>\n\n\n\n<p>(5)<\/p>\n\n\n\n<p>Sie k\u00f6nnen die derzeit g\u00fcltigen Allgemeinen Gesch\u00e4ftsbedingungen auf dieser Website abrufen und ausdrucken. <\/p>\n\n\n\n<p>\u00a7 2\nVertragsschluss<\/p>\n\n\n\n<p>(1)<\/p>\n\n\n\n<p>Die Warenpr\u00e4sentation im Online-Shop stellt keinen verbindlichen Antrag auf den Abschluss eines Kaufvertrages dar. Vielmehr handelt es sich um eine unverbindliche Aufforderung, im Online-Shop Waren zu bestellen.<\/p>\n\n\n\n<p>(2)<\/p>\n\n\n\n<p>Mit Anklicken des Buttons &#8222;in den Warenkorb&#8220; verbunden mit der Einstellung der gew\u00fcnschten Menge geben Sie ein verbindliches Kaufangebot ab (\u00a7 145 BGB).<\/p>\n\n\n\n<p>Unmittelbar\nvor Abgabe dieser Bestellung k\u00f6nnen Sie die Bestellung noch einmal \u00fcberpr\u00fcfen und\nggf. korrigieren.<\/p>\n\n\n\n<p>(3)<\/p>\n\n\n\n<p>Die Eingangsbest\u00e4tigung\nnach Ihrer Bestellung informiert Sie dar\u00fcber, dass wir Ihre Bestellung erhalten\nhaben. Sie stellt noch keine Annahme Ihres Kaufangebots dar. Ein Vertrag kommt\ndurch die Eingangsbest\u00e4tigung noch nicht zustande.<\/p>\n\n\n\n<p>(4)<\/p>\n\n\n\n<p>Ein Kaufvertrag\n\u00fcber die Ware kommt erst zustande, wenn wir ausdr\u00fccklich die Annahme des Kaufangebots\nerkl\u00e4ren (Auftragsbest\u00e4tigung) oder wenn wir die Ware \u2013 ohne vorherige\nausdr\u00fcckliche Annahmeerkl\u00e4rung \u2013 an Sie versenden.<\/p>\n\n\n\n<p>Ausnahme: bei Zahlung mit Vorkasse und PayPal erfolgt die Annahme der Bestellung unmittelbar mit Ihrer Bestellung.<\/p>\n\n\n\n<p>\u00a7 3 Preise<\/p>\n\n\n\n<p>Die auf den Produktseiten genannten Preise enthalten die gesetzliche Mehrwertsteuer und sonstige Preisbestandteile und verstehen sich zzgl. der jeweiligen Versandkosten. Weitere Informationen zu den Versandkosten erhalten Sie auf unserer Internetseite unter \u201eVersandarten\u201c.<\/p>\n\n\n\n<p>\u00a7 4\nZahlungsbedingungen; Verzug<\/p>\n\n\n\n<p>(1)<\/p>\n\n\n\n<p>Die Zahlung erfolgt wahlweise (soweit als Option verf\u00fcgbar):<\/p>\n\n\n\n<p>Rechnung per Vorkasse, SEPA, Kreditkarte oder Paypal.<\/p>\n\n\n\n<p>(2)<\/p>\n\n\n\n<p>Die Auswahl der jeweils verf\u00fcgbaren Bezahlmethoden obliegt uns. Wir behalten uns insbesondere vor, Ihnen f\u00fcr die Bezahlung nur ausgew\u00e4hlte Bezahlmethoden anzubieten, beispielweise zur Absicherung unseres Kreditrisikos nur Vorkasse. W\u00e4hlen Sie auf der Seite eine der verf\u00fcgbaren Zahlungsarten aus, so ist diese Auswahl erst verbindlich, wenn die Zahlung erfolgreich ist.<\/p>\n\n\n\n<p>(3)<\/p>\n\n\n\n<p>Bei Auswahl\nder Zahlungsart Vorkasse nennen wir Ihnen unsere Bankverbindung in der Auftragsbest\u00e4tigung.\nDer Rechnungsbetrag ist innerhalb von 10 Tagen nach Erhalt der Auftragsbest\u00e4tigung\nauf unser Konto zu \u00fcberweisen.<\/p>\n\n\n\n<p>(4)<\/p>\n\n\n\n<p>Bei der Bezahlung mit PayPal werden Sie im Bestellprozess auf die Webseite des Online-Anbieters PayPal weitergeleitet. Um den Rechnungsbetrag \u00fcber PayPal bezahlen zu k\u00f6nnen, m\u00fcssen Sie dort registriert sein bzw. sich erst registrieren, mit Ihren Zugangsdaten legitimieren und die Zahlungsanweisung an uns best\u00e4tigen. Nach Abgabe der Bestellung im Shop fordern wir PayPal zur Einleitung der Zahlungstransaktion auf. Weitere Hinweise erhalten Sie beim Bestellvorgang. Die Zahlungstransaktion wird durch PayPal unmittelbar danach automatisch durchgef\u00fchrt.<\/p>\n\n\n\n<p>(7)<\/p>\n\n\n\n<p>Bei Zahlung per Lastschrift haben Sie ggf. jene Kosten zu tragen, die infolge einer R\u00fcckbuchung einer Zahlungstransaktion mangels Kontodeckung oder aufgrund von Ihnen falsch \u00fcbermittelter Daten der Bankverbindung entstehen.<\/p>\n\n\n\n<p>(8)<\/p>\n\n\n\n<p>Geraten Sie mit einer Zahlung in Verzug, so sind Sie zur Zahlung der gesetzlichen Verzugszinsen in H\u00f6he von 5 Prozentpunkten \u00fcber dem Basiszinssatz verpflichtet.<\/p>\n\n\n\n<p>F\u00fcr jedes\nMahnschreiben, das nach Eintritt des Verzugs an Sie versandt wird, wird Ihnen\neine Mahngeb\u00fchr in H\u00f6he von 2,50EUR berechnet, sofern nicht im Einzelfall ein\nniedrigerer bzw. h\u00f6herer Schaden nachgewiesen wird.<\/p>\n\n\n\n<p>\u00a7 5 Aufrechnung\/Zur\u00fcckbehaltungsrecht<\/p>\n\n\n\n<p>(1)<\/p>\n\n\n\n<p>Ein Recht\nzur Aufrechnung steht Ihnen nur dann zu, wenn Ihre Gegen-forderung\nrechtskr\u00e4ftig festgestellt worden ist, von uns nicht bestritten oder anerkannt\nwird oder in einem engen synallagmatischen Verh\u00e4ltnis zu unserer Forderung\nsteht. <\/p>\n\n\n\n<p>(2)<\/p>\n\n\n\n<p>Sie k\u00f6nnen ein\nZur\u00fcckbehaltungsrecht nur aus\u00fcben, soweit Ihre Gegen-forderung auf demselben Vertragsverh\u00e4ltnis\nberuht.<\/p>\n\n\n\n<p>\u00a7 6 Lieferung;\nEigentumsvorbehalt<\/p>\n\n\n\n<p>(1)<\/p>\n\n\n\n<p>Sofern nicht\nanders vereinbart, erfolgt die Lieferung der Ware von unserem Lager an die von\nIhnen angegebene Adresse.<\/p>\n\n\n\n<p>(2)<\/p>\n\n\n\n<p>Eine Abgabe erfolgt nur in haushalts\u00fcblichen Mengen.<\/p>\n\n\n\n<p>(3)<\/p>\n\n\n\n<p>Die Ware\nbleibt bis zur vollst\u00e4ndigen Zahlung des Kaufpreises unser Eigentum.<\/p>\n\n\n\n<p>(4)<\/p>\n\n\n\n<p>Wir sind ausnahmsweise nicht zur Lieferung der bestellten Ware verpflichtet, wenn wir die Ware unsererseits ordnungsgem\u00e4\u00df bestellt haben, jedoch nicht richtig oder rechtzeitig beliefert wurden (kongruentes Deckungsgesch\u00e4ft). Voraussetzung ist, dass wir die fehlende Warenverf\u00fcgbarkeit nicht zu vertreten haben und Sie \u00fcber diesen Umstand unverz\u00fcglich informiert haben. Zudem d\u00fcrfen wir nicht das Risiko der Beschaffung der bestellten Ware \u00fcbernommen haben. Bei entsprechender Nichtverf\u00fcgbarkeit der Ware werden wir Ihnen bereits geleistete Zahlungen unverz\u00fcglich erstatten. Das Risiko, eine bestellte Ware besorgen zu m\u00fcssen (Beschaffungsrisiko), \u00fcbernehmen wir nicht. Dies gilt auch bei der Bestellung von Waren, die nur ihrer Art und ihren Merkmalen nach beschrieben ist (Gattungswaren). Wir sind nur zur Lieferung aus unserem Warenvorrat und der von uns bei unseren Lieferanten bestellten Waren verpflichtet.<\/p>\n\n\n\n<p>(5)<\/p>\n\n\n\n<p>Wenn Sie Unternehmer im Sinne des \u00a7 14 BGB sind, gilt erg\u00e4nzend Folgendes:<\/p>\n\n\n\n<p>Wir behalten uns das Eigentum an der Ware bis zum vollst\u00e4ndigen Ausgleich aller Forderungen aus der laufenden Gesch\u00e4ftsbeziehung vor. <\/p>\n\n\n\n<p>Vor \u00dcbergang\ndes Eigentums an der Vorbehaltsware ist eine Verpf\u00e4ndung oder\nSicherheits\u00fcbereignung nicht zul\u00e4ssig.<\/p>\n\n\n\n<ul class=\"wp-block-list\"><li>Sie d\u00fcrfen die\nWare im ordentlichen Gesch\u00e4ftsgang weiterverkaufen. F\u00fcr diesen Fall treten Sie bereits\njetzt alle Forderungen in H\u00f6he des Rechnungsbetrages, die Ihnen aus dem\nWeiterverkauf erwachsen, an uns ab. Wir nehmen die Abtretung an, Sie sind\njedochzur Einziehung der Forderungen erm\u00e4chtigt. Soweit Sie Ihren Zahlungsverpflichtungen\nnicht ordnungsgem\u00e4\u00df nachkommen, behalten wir uns das Recht vor, Forderungen selbst\neinzuziehen.<\/li><li>Bei\nVerbindung und Vermischung der Vorbehaltsware erwerben wir Miteigentum an der\nneuen Sache im Verh\u00e4ltnis des Rechnungswertes der Vorbehaltsware zu den anderen\nverarbeiteten Gegenst\u00e4nden zum Zeitpunkt der Verarbeitung.<\/li><li>Wir verpflichteten\nuns, die uns zustehenden Sicherheiten auf Verlangen insoweit freizugeben, als\nder realisierbare Wert unserer Sicherheiten die zu sichernden Forderungen um\nmehr als 10 % \u00fcbersteigt. Die Auswahl der freizugebenden Sicherheiten obliegt uns.\n<\/li><\/ul>\n\n\n\n<p>\u00a7 8 Transportsch\u00e4den<\/p>\n\n\n\n<p>(1)<\/p>\n\n\n\n<p>Werden Waren\nmit offensichtlichen Transportsch\u00e4den angeliefert, so reklamieren Sie solche\nFehler bitte sofort bei dem Zusteller und nehmen Sie bitte schnellstm\u00f6glich\nKontakt zu uns auf.<\/p>\n\n\n\n<p>(2)<\/p>\n\n\n\n<p>Die Vers\u00e4umung einer Reklamation oder Kontaktaufnahme hat f\u00fcr Ihre gesetzlichen Gew\u00e4hrleistungsrechte keine Konsequenzen. Sie helfen uns aber, unsere eigenen Anspr\u00fcche gegen\u00fcber dem Frachtf\u00fchrer bzw. der Transportversicherung geltend machen zu k\u00f6nnen.<\/p>\n\n\n\n<p>\u00a7 9 Gew\u00e4hrleistung<\/p>\n\n\n\n<p>(1)<\/p>\n\n\n\n<p>Soweit nicht ausdr\u00fccklich etwas anderes vereinbart ist, richten sich Ihre Gew\u00e4hrleistungsanspr\u00fcche nach den gesetzlichen Bestimmungen des Kaufrechts (\u00a7\u00a7 433 ff. BGB).<\/p>\n\n\n\n<p>(2)<\/p>\n\n\n\n<p>Wenn Sie Verbraucher im Sinne des \u00a7 13 BGB sind, betr\u00e4gt die Haftungsdauer f\u00fcr Gew\u00e4hrleistungsanspr\u00fcche bei gebrauchten Sachen &#8211; abweichend von den gesetzlichen Bestimmungen &#8211; ein Jahr.<\/p>\n\n\n\n<p>Diese Beschr\u00e4nkung gilt nicht f\u00fcr Anspr\u00fcche aufgrund von Sch\u00e4den aus der Verletzung des Lebens, des K\u00f6rpers oder der Gesundheit oder aus der Verletzung einer wesentlichen Vertragspflicht, deren Erf\u00fcllung die ordnungsgem\u00e4\u00dfe Durchf\u00fchrung des Vertrags \u00fcberhaupt erst erm\u00f6glicht und auf deren Einhaltung der Vertragspartner regelm\u00e4\u00dfig vertrauen darf (Kardinalpflicht) sowie f\u00fcr Anspr\u00fcche aufgrund von sonstigen Sch\u00e4den, die auf einer vors\u00e4tzlichen oder grob fahrl\u00e4ssigen Pflichtverletzung des Verwenders oder seiner Erf\u00fcllungsgehilfen beruhen.<\/p>\n\n\n\n<p>(3)<\/p>\n\n\n\n<p>Im \u00dcbrigen gelten f\u00fcr die Gew\u00e4hrleistung die gesetzlichen Bestimmungen, insbesondere die zweij\u00e4hrige Verj\u00e4hrungsfrist gem. \u00a7 438 Abs. 1 Nr. 3 BGB.<\/p>\n\n\n\n<p>(4)<\/p>\n\n\n\n<p>Wenn Sie\nUnternehmer im Sinne des \u00a7 14 BGB sind, gelten die gesetzlichen Bestimmungen mit\nfolgenden Modifikationen:<\/p>\n\n\n\n<ul class=\"wp-block-list\"><li>F\u00fcr die\nBeschaffenheit der Ware sind nur unsere eigenen Angaben und die Produktbeschreibung\ndes Herstellers verbindlich, nicht jedoch \u00f6ffentliche Anpreisungen und\n\u00c4u\u00dferungen und sonstige Werbung des Herstellers.<\/li><li>Sie sind verpflichtet,\ndie Ware unverz\u00fcglich und mit der gebotenen Sorgfalt auf Qualit\u00e4ts-und\nMengenabweichungen zu untersuchen und uns offensichtliche M\u00e4ngel binnen 7 Tagen\nab Empfang der Ware anzuzeigen. Zur Fristwahrung reicht die rechtzeitige\nAbsendung. Dies gilt auch f\u00fcr sp\u00e4ter festgestellte verdeckte M\u00e4ngel ab\nEntdeckung. Bei Verletzung der Untersuchungs-und R\u00fcgepflicht ist die\nGeltendmachung der Gew\u00e4hrleistungsanspr\u00fcche ausgeschlossen.<\/li><li>Bei M\u00e4ngeln\nleisten wir nach unserer Wahl Gew\u00e4hr durch Nachbesserung oder Ersatzlieferung(Nacherf\u00fcllung).\nIm Falle der Nachbesserung m\u00fcssen wir nicht die erh\u00f6hten Kosten tragen, die\ndurch die Verbringung der Ware an einen anderen Ort als den Erf\u00fcllungsort\nentstehen, sofern die Verbringung nicht dem bestimmungsgem\u00e4\u00dfen Gebrauch der\nWare entspricht.<\/li><li>Schl\u00e4gt die Nacherf\u00fcllung\nzweimal fehl, k\u00f6nnen Sie nach Ihrer Wahl Minderung verlangen oder vom Vertrag\nzur\u00fccktreten. <\/li><li>Die\nGew\u00e4hrleistungsfrist betr\u00e4gt ein Jahr ab Ablieferung der Ware.<\/li><\/ul>\n\n\n\n<p>\u00a7 10 Haftung<\/p>\n\n\n\n<p>(1)<\/p>\n\n\n\n<p>Unbeschr\u00e4nkte\nHaftung:<\/p>\n\n\n\n<p>Wir haften\nunbeschr\u00e4nkt f\u00fcr Vorsatz und grobe Fahrl\u00e4ssigkeit sowie nach Ma\u00dfgabe des\nProdukthaftungsgesetzes. F\u00fcr leichte Fahrl\u00e4ssigkeit haften wir bei Sch\u00e4den aus\nder Verletzung des Lebens, des K\u00f6rpers und der Gesundheit von Personen.<\/p>\n\n\n\n<p>(2) <\/p>\n\n\n\n<p>Im \u00dcbrigen\ngilt folgende beschr\u00e4nkte Haftung:<\/p>\n\n\n\n<p>Bei leichter Fahrl\u00e4ssigkeit haften wir nur im Falle der Verletzung einer wesentlichen Vertragspflicht, deren Erf\u00fcllung die ordnungsgem\u00e4\u00dfe Durchf\u00fchrung des Vertrags \u00fcberhaupt erst erm\u00f6glicht und auf deren Einhaltung Sie regelm\u00e4\u00dfig vertrauen d\u00fcrfen (Kardinalpflicht). Die Haftung f\u00fcr leichte Fahrl\u00e4ssigkeit ist der H\u00f6he nach beschr\u00e4nkt auf die bei Vertragsschluss vorhersehbaren Sch\u00e4den, mit deren Entstehung typischerweise gerechnet werden muss. Diese Haftungsbeschr\u00e4nkung gilt auch zugunsten unserer Erf\u00fcllungsgehilfen.<\/p>\n\n\n\n<p>\u00a7 11\nAlternative Streitbeilegung<\/p>\n\n\n\n<p>Die EU-Kommission hat eine Plattform f\u00fcr au\u00dfergerichtliche Streitschlichtung bereitgestellt. Verbrauchern gibt dies die M\u00f6glichkeit, Streitigkeiten im Zusammenhang mit Ihrer Online-Bestellung zun\u00e4chst ohne die Einschaltung eines Gerichts zu kl\u00e4ren. Die Streitbeilegungs-Plattform ist unter dem externen Link http:\/\/ec.europa.eu\/consumers\/odr\/ erreichbar. Wir sind bem\u00fcht, eventuelle Meinungsverschiedenheiten aus unserem Vertrag einvernehmlich beizulegen. Dar\u00fcber hinaus sind wir zu einer Teilnahme an einem Schlichtungsverfahren nicht verpflichtet und k\u00f6nnen Ihnen die Teilnahme an einem solchen Verfahren leider auch nicht anbieten.<\/p>\n\n\n\n<p>\u00a7 12 Schlussbestimmungen<\/p>\n\n\n\n<p>(1)<\/p>\n\n\n\n<p>Sollten eine\noder mehrere Bestimmungen dieser AGB unwirksam sein oder werden, wird dadurch\ndie Wirksamkeit der anderen Bestimmungen im \u00dcbrigen nicht ber\u00fchrt.<\/p>\n\n\n\n<p>(2)<\/p>\n\n\n\n<p>Auf Vertr\u00e4ge zwischen uns und Ihnen ist ausschlie\u00dflich deutsches Recht anwendbar unter Ausschlussder Bestimmungen der United Nations Convention on Contracts for the International Sale of Goods (CISG, \u201eUN-Kaufrecht\u201c). Zwingende Bestimmungen des Landes, in dem Sie sich gew\u00f6hnlich aufhalten, bleiben von der Rechtswahl unber\u00fchrt.<\/p>\n\n\n\n<p>(3)<\/p>\n\n\n\n<p>Sind Sie Kaufmann, juristische Person des \u00f6ffentlichen Rechts oder \u00f6ffentlich-rechtliches Sonderverm\u00f6gen, so ist unser Gesch\u00e4ftssitz Gerichtsstand f\u00fcr alle Streitigkeiten aus oder im Zusammenhang mit Vertr\u00e4gen zwischen uns und Ihnen. <\/p>\n\n\n\n<p>Stand: <\/p>\n\n\n\n<p>Dezember\n2018<\/p>\n\n\n\n<p>Verkauf erfolgt nur nach Pr\u00fcfung des Bestands.<br><\/p>\n","protected":false},"excerpt":{"rendered":"<p>Allgemeine Gesch\u00e4ftsbedingungen \u00a7 1Geltungsbereich und Anbieter (1) Diese Allgemeinen Gesch\u00e4ftsbedingungen gelten f\u00fcr alle Bestellungen, die Sie bei dem Online-Shop der Band Ferndal, Raiffeisenstr. 16, 48161 M\u00fcnster t\u00e4tigen. (2) Das Warenangebot in unserem Online-Shop richtet sich ausschlie\u00dflich an K\u00e4ufer, die das 18. Lebensjahr vollendet haben. (3) Unsere Lieferungen, Leistungen und Angebote erfolgen ausschlie\u00dflich auf der Grundlage [&hellip;]<\/p>\n","protected":false},"author":1,"featured_media":0,"parent":0,"menu_order":0,"comment_status":"closed","ping_status":"closed","template":"","meta":{"jetpack_post_was_ever_published":false,"footnotes":""},"class_list":["post-12","page","type-page","status-publish","hentry"],"jetpack_sharing_enabled":true,"jetpack_shortlink":"https:\/\/wp.me\/PawHuT-c","_links":{"self":[{"href":"https:\/\/shop.ferndal.de\/index.php?rest_route=\/wp\/v2\/pages\/12","targetHints":{"allow":["GET"]}}],"collection":[{"href":"https:\/\/shop.ferndal.de\/index.php?rest_route=\/wp\/v2\/pages"}],"about":[{"href":"https:\/\/shop.ferndal.de\/index.php?rest_route=\/wp\/v2\/types\/page"}],"author":[{"embeddable":true,"href":"https:\/\/shop.ferndal.de\/index.php?rest_route=\/wp\/v2\/users\/1"}],"replies":[{"embeddable":true,"href":"https:\/\/shop.ferndal.de\/index.php?rest_route=%2Fwp%2Fv2%2Fcomments&post=12"}],"version-history":[{"count":5,"href":"https:\/\/shop.ferndal.de\/index.php?rest_route=\/wp\/v2\/pages\/12\/revisions"}],"predecessor-version":[{"id":405,"href":"https:\/\/shop.ferndal.de\/index.php?rest_route=\/wp\/v2\/pages\/12\/revisions\/405"}],"wp:attachment":[{"href":"https:\/\/shop.ferndal.de\/index.php?rest_route=%2Fwp%2Fv2%2Fmedia&parent=12"}],"curies":[{"name":"wp","href":"https:\/\/api.w.org\/{rel}","templated":true}]}}